{"id":2,"date":"2023-11-20T17:41:11","date_gmt":"2023-11-20T20:41:11","guid":{"rendered":"https:\/\/lifebeyondparkinsons.com\/?page_id=2"},"modified":"2025-02-06T18:54:54","modified_gmt":"2025-02-06T21:54:54","slug":"home","status":"publish","type":"page","link":"https:\/\/lifebeyondparkinsons.com\/en_us\/","title":{"rendered":"Home"},"content":{"rendered":"","protected":false},"excerpt":{"rendered":"","protected":false},"author":1,"featured_media":166,"parent":0,"menu_order":0,"comment_status":"closed","ping_status":"open","template":"template-home.php","meta":{"_acf_changed":false,"footnotes":""},"class_list":["post-2","page","type-page","status-publish","has-post-thumbnail","hentry"],"acf":[],"yoast_head":"<!-- This site is optimized with the Yoast SEO plugin v27.4 - https:\/\/yoast.com\/product\/yoast-seo-wordpress\/ -->\n<title>Life Beyond Parkinsons<\/title>\n<meta name=\"description\" content=\"Somos uma nonprofit que apoia pessoas com Parkinson e doen\u00e7as neurol\u00f3gicas, promovendo educa\u00e7\u00e3o, suporte emocional e sa\u00fade integrativa.\" \/>\n<meta name=\"robots\" content=\"index, follow, max-snippet:-1, max-image-preview:large, max-video-preview:-1\" \/>\n<link rel=\"canonical\" href=\"https:\/\/lifebeyondparkinsons.com\/en_us\/\" \/>\n<meta property=\"og:locale\" content=\"en_US\" \/>\n<meta property=\"og:type\" content=\"article\" \/>\n<meta property=\"og:title\" content=\"Life Beyond Parkinsons\" \/>\n<meta property=\"og:description\" content=\"Somos uma nonprofit que apoia pessoas com Parkinson e doen\u00e7as neurol\u00f3gicas, promovendo educa\u00e7\u00e3o, suporte emocional e sa\u00fade integrativa.\" \/>\n<meta property=\"og:url\" content=\"https:\/\/lifebeyondparkinsons.com\/en_us\/\" \/>\n<meta property=\"og:site_name\" content=\"Life Beyond Parkinsons\" \/>\n<meta property=\"article:modified_time\" content=\"2025-02-06T21:54:54+00:00\" \/>\n<meta property=\"og:image\" content=\"https:\/\/lifebeyondparkinsons.com\/wp-content\/uploads\/2025\/02\/Life-Beyond-Parkinsons.png\" \/>\n\t<meta property=\"og:image:width\" content=\"1920\" \/>\n\t<meta property=\"og:image:height\" content=\"1080\" \/>\n\t<meta property=\"og:image:type\" content=\"image\/png\" \/>\n<meta name=\"twitter:card\" content=\"summary_large_image\" \/>\n<meta name=\"twitter:label1\" content=\"Est. reading time\" \/>\n\t<meta name=\"twitter:data1\" content=\"1 minute\" \/>\n<script type=\"application\/ld+json\" class=\"yoast-schema-graph\">{\"@context\":\"https:\\\/\\\/schema.org\",\"@graph\":[{\"@type\":\"WebPage\",\"@id\":\"https:\\\/\\\/lifebeyondparkinsons.com\\\/\",\"url\":\"https:\\\/\\\/lifebeyondparkinsons.com\\\/\",\"name\":\"Life Beyond Parkinsons\",\"isPartOf\":{\"@id\":\"https:\\\/\\\/lifebeyondparkinsons.com\\\/#website\"},\"primaryImageOfPage\":{\"@id\":\"https:\\\/\\\/lifebeyondparkinsons.com\\\/#primaryimage\"},\"image\":{\"@id\":\"https:\\\/\\\/lifebeyondparkinsons.com\\\/#primaryimage\"},\"thumbnailUrl\":\"https:\\\/\\\/lifebeyondparkinsons.com\\\/wp-content\\\/uploads\\\/2025\\\/02\\\/Life-Beyond-Parkinsons.png\",\"datePublished\":\"2023-11-20T20:41:11+00:00\",\"dateModified\":\"2025-02-06T21:54:54+00:00\",\"description\":\"Somos uma nonprofit que apoia pessoas com Parkinson e doen\u00e7as neurol\u00f3gicas, promovendo educa\u00e7\u00e3o, suporte emocional e sa\u00fade integrativa.\",\"breadcrumb\":{\"@id\":\"https:\\\/\\\/lifebeyondparkinsons.com\\\/#breadcrumb\"},\"inLanguage\":\"en-US\",\"potentialAction\":[{\"@type\":\"ReadAction\",\"target\":[\"https:\\\/\\\/lifebeyondparkinsons.com\\\/\"]}]},{\"@type\":\"ImageObject\",\"inLanguage\":\"en-US\",\"@id\":\"https:\\\/\\\/lifebeyondparkinsons.com\\\/#primaryimage\",\"url\":\"https:\\\/\\\/lifebeyondparkinsons.com\\\/wp-content\\\/uploads\\\/2025\\\/02\\\/Life-Beyond-Parkinsons.png\",\"contentUrl\":\"https:\\\/\\\/lifebeyondparkinsons.com\\\/wp-content\\\/uploads\\\/2025\\\/02\\\/Life-Beyond-Parkinsons.png\",\"width\":1920,\"height\":1080},{\"@type\":\"BreadcrumbList\",\"@id\":\"https:\\\/\\\/lifebeyondparkinsons.com\\\/#breadcrumb\",\"itemListElement\":[{\"@type\":\"ListItem\",\"position\":1,\"name\":\"In\u00edcio\",\"item\":\"https:\\\/\\\/lifebeyondparkinsons.com\\\/\"},{\"@type\":\"ListItem\",\"position\":2,\"name\":\"Home\"}]},{\"@type\":\"WebSite\",\"@id\":\"https:\\\/\\\/lifebeyondparkinsons.com\\\/#website\",\"url\":\"https:\\\/\\\/lifebeyondparkinsons.com\\\/\",\"name\":\"Life Beyond Parkinsons\",\"description\":\"Somos uma nonprofit que apoia pessoas com Parkinson e doen\u00e7as neurol\u00f3gicas, promovendo educa\u00e7\u00e3o, suporte emocional e sa\u00fade integrativa.\",\"publisher\":{\"@id\":\"https:\\\/\\\/lifebeyondparkinsons.com\\\/#organization\"},\"alternateName\":\"Life Beyond Parkinsons\",\"potentialAction\":[{\"@type\":\"SearchAction\",\"target\":{\"@type\":\"EntryPoint\",\"urlTemplate\":\"https:\\\/\\\/lifebeyondparkinsons.com\\\/?s={search_term_string}\"},\"query-input\":{\"@type\":\"PropertyValueSpecification\",\"valueRequired\":true,\"valueName\":\"search_term_string\"}}],\"inLanguage\":\"en-US\"},{\"@type\":\"Organization\",\"@id\":\"https:\\\/\\\/lifebeyondparkinsons.com\\\/#organization\",\"name\":\"Life Beyond Parkinsons\",\"url\":\"https:\\\/\\\/lifebeyondparkinsons.com\\\/\",\"logo\":{\"@type\":\"ImageObject\",\"inLanguage\":\"en-US\",\"@id\":\"https:\\\/\\\/lifebeyondparkinsons.com\\\/#\\\/schema\\\/logo\\\/image\\\/\",\"url\":\"https:\\\/\\\/lifebeyondparkinsons.com\\\/wp-content\\\/uploads\\\/2025\\\/02\\\/Life-Beyond-Parkinsons.png\",\"contentUrl\":\"https:\\\/\\\/lifebeyondparkinsons.com\\\/wp-content\\\/uploads\\\/2025\\\/02\\\/Life-Beyond-Parkinsons.png\",\"width\":1920,\"height\":1080,\"caption\":\"Life Beyond Parkinsons\"},\"image\":{\"@id\":\"https:\\\/\\\/lifebeyondparkinsons.com\\\/#\\\/schema\\\/logo\\\/image\\\/\"}}]}<\/script>\n<!-- \/ Yoast SEO plugin. -->","yoast_head_json":{"title":"Life Beyond Parkinsons","description":"We are a nonprofit organization that supports people with Parkinson's and neurological diseases, promoting education, emotional support, and integrative health.","robots":{"index":"index","follow":"follow","max-snippet":"max-snippet:-1","max-image-preview":"max-image-preview:large","max-video-preview":"max-video-preview:-1"},"canonical":"https:\/\/lifebeyondparkinsons.com\/en_us\/","og_locale":"en_US","og_type":"article","og_title":"Life Beyond Parkinsons","og_description":"Somos uma nonprofit que apoia pessoas com Parkinson e doen\u00e7as neurol\u00f3gicas, promovendo educa\u00e7\u00e3o, suporte emocional e sa\u00fade integrativa.","og_url":"https:\/\/lifebeyondparkinsons.com\/en_us\/","og_site_name":"Life Beyond Parkinsons","article_modified_time":"2025-02-06T21:54:54+00:00","og_image":[{"width":1920,"height":1080,"url":"https:\/\/lifebeyondparkinsons.com\/wp-content\/uploads\/2025\/02\/Life-Beyond-Parkinsons.png","type":"image\/png"}],"twitter_card":"summary_large_image","twitter_misc":{"Est. reading time":"1 minute"},"schema":{"@context":"https:\/\/schema.org","@graph":[{"@type":"WebPage","@id":"https:\/\/lifebeyondparkinsons.com\/","url":"https:\/\/lifebeyondparkinsons.com\/","name":"Life Beyond Parkinsons","isPartOf":{"@id":"https:\/\/lifebeyondparkinsons.com\/#website"},"primaryImageOfPage":{"@id":"https:\/\/lifebeyondparkinsons.com\/#primaryimage"},"image":{"@id":"https:\/\/lifebeyondparkinsons.com\/#primaryimage"},"thumbnailUrl":"https:\/\/lifebeyondparkinsons.com\/wp-content\/uploads\/2025\/02\/Life-Beyond-Parkinsons.png","datePublished":"2023-11-20T20:41:11+00:00","dateModified":"2025-02-06T21:54:54+00:00","description":"We are a nonprofit organization that supports people with Parkinson's and neurological diseases, promoting education, emotional support, and integrative health.","breadcrumb":{"@id":"https:\/\/lifebeyondparkinsons.com\/#breadcrumb"},"inLanguage":"en-US","potentialAction":[{"@type":"ReadAction","target":["https:\/\/lifebeyondparkinsons.com\/"]}]},{"@type":"ImageObject","inLanguage":"en-US","@id":"https:\/\/lifebeyondparkinsons.com\/#primaryimage","url":"https:\/\/lifebeyondparkinsons.com\/wp-content\/uploads\/2025\/02\/Life-Beyond-Parkinsons.png","contentUrl":"https:\/\/lifebeyondparkinsons.com\/wp-content\/uploads\/2025\/02\/Life-Beyond-Parkinsons.png","width":1920,"height":1080},{"@type":"BreadcrumbList","@id":"https:\/\/lifebeyondparkinsons.com\/#breadcrumb","itemListElement":[{"@type":"ListItem","position":1,"name":"In\u00edcio","item":"https:\/\/lifebeyondparkinsons.com\/"},{"@type":"ListItem","position":2,"name":"Home"}]},{"@type":"WebSite","@id":"https:\/\/lifebeyondparkinsons.com\/#website","url":"https:\/\/lifebeyondparkinsons.com\/","name":"Life Beyond Parkinsons","description":"We are a nonprofit organization that supports people with Parkinson's and neurological diseases, promoting education, emotional support, and integrative health.","publisher":{"@id":"https:\/\/lifebeyondparkinsons.com\/#organization"},"alternateName":"Life Beyond Parkinsons","potentialAction":[{"@type":"SearchAction","target":{"@type":"EntryPoint","urlTemplate":"https:\/\/lifebeyondparkinsons.com\/?s={search_term_string}"},"query-input":{"@type":"PropertyValueSpecification","valueRequired":true,"valueName":"search_term_string"}}],"inLanguage":"en-US"},{"@type":"Organization","@id":"https:\/\/lifebeyondparkinsons.com\/#organization","name":"Life Beyond Parkinsons","url":"https:\/\/lifebeyondparkinsons.com\/","logo":{"@type":"ImageObject","inLanguage":"en-US","@id":"https:\/\/lifebeyondparkinsons.com\/#\/schema\/logo\/image\/","url":"https:\/\/lifebeyondparkinsons.com\/wp-content\/uploads\/2025\/02\/Life-Beyond-Parkinsons.png","contentUrl":"https:\/\/lifebeyondparkinsons.com\/wp-content\/uploads\/2025\/02\/Life-Beyond-Parkinsons.png","width":1920,"height":1080,"caption":"Life Beyond Parkinsons"},"image":{"@id":"https:\/\/lifebeyondparkinsons.com\/#\/schema\/logo\/image\/"}}]}},"_hostinger_reach_plugin_has_subscription_block":false,"_hostinger_reach_plugin_is_elementor":false,"_links":{"self":[{"href":"https:\/\/lifebeyondparkinsons.com\/en_us\/wp-json\/wp\/v2\/pages\/2","targetHints":{"allow":["GET"]}}],"collection":[{"href":"https:\/\/lifebeyondparkinsons.com\/en_us\/wp-json\/wp\/v2\/pages"}],"about":[{"href":"https:\/\/lifebeyondparkinsons.com\/en_us\/wp-json\/wp\/v2\/types\/page"}],"author":[{"embeddable":true,"href":"https:\/\/lifebeyondparkinsons.com\/en_us\/wp-json\/wp\/v2\/users\/1"}],"replies":[{"embeddable":true,"href":"https:\/\/lifebeyondparkinsons.com\/en_us\/wp-json\/wp\/v2\/comments?post=2"}],"version-history":[{"count":1,"href":"https:\/\/lifebeyondparkinsons.com\/en_us\/wp-json\/wp\/v2\/pages\/2\/revisions"}],"predecessor-version":[{"id":6,"href":"https:\/\/lifebeyondparkinsons.com\/en_us\/wp-json\/wp\/v2\/pages\/2\/revisions\/6"}],"wp:featuredmedia":[{"embeddable":true,"href":"https:\/\/lifebeyondparkinsons.com\/en_us\/wp-json\/wp\/v2\/media\/166"}],"wp:attachment":[{"href":"https:\/\/lifebeyondparkinsons.com\/en_us\/wp-json\/wp\/v2\/media?parent=2"}],"curies":[{"name":"wp","href":"https:\/\/api.w.org\/{rel}","templated":true}]}}